{"id":307,"date":"2023-08-23T13:34:57","date_gmt":"2023-08-23T13:34:57","guid":{"rendered":"https:\/\/osom-2fb9b1.ingress-earth.ewp.live\/?post_type=product&#038;p=307"},"modified":"2024-04-11T08:56:33","modified_gmt":"2024-04-11T08:56:33","slug":"osom-coffee-cantine-t-shirt-limited-edition","status":"publish","type":"product","link":"https:\/\/somososom.com\/es\/product\/osom-coffee-cantine-t-shirt-limited-edition\/","title":{"rendered":"Osom Coffee Cantine T-Shirt &#8211; Limited Edition"},"content":{"rendered":"","protected":false},"excerpt":{"rendered":"<p><span style=\"color: #000000;font-family: Calibri;font-size: medium\">Camiseta edici\u00f3n limitada en colaboraci\u00f3n con Una Canci\u00f3n Latina<\/span><\/p>\n","protected":false},"featured_media":479,"comment_status":"open","ping_status":"closed","template":"","meta":[],"product_brand":[],"product_cat":[30,87],"product_tag":[],"class_list":{"0":"post-307","1":"product","2":"type-product","3":"status-publish","4":"has-post-thumbnail","6":"product_cat-osom","7":"product_cat-t-shirts","8":"member-discount","9":"discount-restricted","11":"first","12":"outofstock","13":"taxable","14":"shipping-taxable","15":"purchasable","16":"product-type-variable","17":"has-default-attributes"},"_links":{"self":[{"href":"https:\/\/somososom.com\/es\/wp-json\/wp\/v2\/product\/307","targetHints":{"allow":["GET"]}}],"collection":[{"href":"https:\/\/somososom.com\/es\/wp-json\/wp\/v2\/product"}],"about":[{"href":"https:\/\/somososom.com\/es\/wp-json\/wp\/v2\/types\/product"}],"replies":[{"embeddable":true,"href":"https:\/\/somososom.com\/es\/wp-json\/wp\/v2\/comments?post=307"}],"wp:featuredmedia":[{"embeddable":true,"href":"https:\/\/somososom.com\/es\/wp-json\/wp\/v2\/media\/479"}],"wp:attachment":[{"href":"https:\/\/somososom.com\/es\/wp-json\/wp\/v2\/media?parent=307"}],"wp:term":[{"taxonomy":"product_brand","embeddable":true,"href":"https:\/\/somososom.com\/es\/wp-json\/wp\/v2\/product_brand?post=307"},{"taxonomy":"product_cat","embeddable":true,"href":"https:\/\/somososom.com\/es\/wp-json\/wp\/v2\/product_cat?post=307"},{"taxonomy":"product_tag","embeddable":true,"href":"https:\/\/somososom.com\/es\/wp-json\/wp\/v2\/product_tag?post=307"}],"curies":[{"name":"wp","href":"https:\/\/api.w.org\/{rel}","templated":true}]}}