{"id":150,"date":"2023-07-19T00:50:06","date_gmt":"2023-07-19T00:50:06","guid":{"rendered":"https:\/\/somososom.com\/?post_type=product&#038;p=150"},"modified":"2025-08-11T10:45:06","modified_gmt":"2025-08-11T10:45:06","slug":"osom-love-t-shirt","status":"publish","type":"product","link":"https:\/\/somososom.com\/es\/product\/osom-love-t-shirt\/","title":{"rendered":"Osom Love T-Shirt"},"content":{"rendered":"","protected":false},"excerpt":{"rendered":"<p>Con motivo del pride decidimos sacar un camiseta para usar todo los d\u00edas. Camiseta 100% algod\u00f3n org\u00e1nico. Color off white (Unisex)<\/p>\n","protected":false},"featured_media":495,"comment_status":"open","ping_status":"closed","template":"","meta":[],"product_brand":[],"product_cat":[30,87],"product_tag":[],"class_list":{"0":"post-150","1":"product","2":"type-product","3":"status-publish","4":"has-post-thumbnail","6":"product_cat-osom","7":"product_cat-t-shirts","8":"member-discount","9":"discount-restricted","11":"first","12":"outofstock","13":"taxable","14":"shipping-taxable","15":"purchasable","16":"product-type-variable","17":"has-default-attributes"},"_links":{"self":[{"href":"https:\/\/somososom.com\/es\/wp-json\/wp\/v2\/product\/150","targetHints":{"allow":["GET"]}}],"collection":[{"href":"https:\/\/somososom.com\/es\/wp-json\/wp\/v2\/product"}],"about":[{"href":"https:\/\/somososom.com\/es\/wp-json\/wp\/v2\/types\/product"}],"replies":[{"embeddable":true,"href":"https:\/\/somososom.com\/es\/wp-json\/wp\/v2\/comments?post=150"}],"wp:featuredmedia":[{"embeddable":true,"href":"https:\/\/somososom.com\/es\/wp-json\/wp\/v2\/media\/495"}],"wp:attachment":[{"href":"https:\/\/somososom.com\/es\/wp-json\/wp\/v2\/media?parent=150"}],"wp:term":[{"taxonomy":"product_brand","embeddable":true,"href":"https:\/\/somososom.com\/es\/wp-json\/wp\/v2\/product_brand?post=150"},{"taxonomy":"product_cat","embeddable":true,"href":"https:\/\/somososom.com\/es\/wp-json\/wp\/v2\/product_cat?post=150"},{"taxonomy":"product_tag","embeddable":true,"href":"https:\/\/somososom.com\/es\/wp-json\/wp\/v2\/product_tag?post=150"}],"curies":[{"name":"wp","href":"https:\/\/api.w.org\/{rel}","templated":true}]}}