{"id":1040,"date":"2023-07-11T20:21:03","date_gmt":"2023-07-11T20:21:03","guid":{"rendered":"https:\/\/somososom.com\/osom-coffee-house\/"},"modified":"2024-01-22T00:04:22","modified_gmt":"2024-01-22T00:04:22","slug":"osom-coffee-house","status":"publish","type":"page","link":"https:\/\/somososom.com\/es\/osom-coffee-house\/","title":{"rendered":"Osom Coffee House"},"content":{"rendered":"<section class=\"wpb-content-wrapper\">[vc_row et_full_width=\u201dtrue\u201d et_row_padding=\u201dtrue\u201d et_column_align=\u201dalign-center\u201d equal_height=\u201dyes\u201d content_placement=\u201dmiddle\u201d css=\u201d.vc_custom_1701692705607{margin-top: -45px !important;background-color: #6480c7 !important;}\u201d][vc_column][vc_row_inner et_column_align=\u201dalign-center\u201d equal_height=\u201dyes\u201d content_placement=\u201dmiddle\u201d css=\u201d.vc_custom_1704375398654{padding-top: 4% !important;padding-bottom: 2% !important;}\u201d][vc_column_inner width=\u201d1\/3\u2033][vc_custom_heading text=\u201d<strong>workspace<\/strong>\u201d font_container=\u201dtag:h2|text_align:left|color:%23ffffff\u201d use_theme_fonts=\u201dyes\u201d][\/vc_column_inner][vc_column_inner width=\u201d2\/3\u2033][vc_column_text el_class=\u201dlight-txt\u201d]Nuestra misi\u00f3n es ser un espacio colaborativo que fomente la creatividad y la innovaci\u00f3n, en un ambiente inclusivo que permita la conexi\u00f3n y la colaboraci\u00f3n entre personas.<br \/>\nProporcionar oportunidades para charlas, eventos, pop-ups, exhibiciones y streamings que promuevan la participaci\u00f3n activa y la comunidad.[\/vc_column_text][\/vc_column_inner][\/vc_row_inner][\/vc_column][\/vc_row][vc_row et_full_width=\u201dtrue\u201d et_row_padding=\u201dtrue\u201d et_column_align=\u201dalign-center\u201d equal_height=\u201dyes\u201d content_placement=\u201dmiddle\u201d][vc_column][vc_row_inner et_column_align=\u201dalign-center\u201d equal_height=\u201dyes\u201d content_placement=\u201dmiddle\u201d css=\u201d.vc_custom_1689126103533{padding-top: 2% !important;padding-bottom: 4% !important;}\u201d][vc_column_inner width=\u201d1\/2\u2033][vc_custom_heading text=\u201dabierto todos los d\u00edas<br \/>\nde 8:00 a 20:00 hs.\u201d font_container=\u201dtag:h2|text_align:left|color:%23000000\u2033 use_theme_fonts=\u201dyes\u201d el_class=\u201dtitulos\u201d][vc_column_text]\n<p style=\"text-align: left;\">_<br \/>\ncaf\u00e9 de especialidad, comida real<br \/>\nespacio de trabajo, pop-ups y m\u00e1s<br \/>\n\u2013<br \/>\n<em>calle del castillo 22, madrid.<\/em><\/p>\n[\/vc_column_text][vc_empty_space height=\u201d10px\u201d][\/vc_column_inner][vc_column_inner width=\u201d1\/2\u2033][vc_raw_html]JTNDaWZyYW1lJTIwc3JjJTNEJTIyaHR0cHMlM0ElMkYlMkZ3d3cuZ29vZ2xlLmNvbSUyRm1hcHMlMkZlbWJlZCUzRnBiJTNEJTIxMW0xOCUyMTFtMTIlMjExbTMlMjExZDMwMzYuODU0NzU4MTI3NDQ3JTIxMmQtMy43MDQwMjUxMTQxMzgzNzA0JTIxM2Q0MC40MzQyMTQ4OTc3ODg2MSUyMTJtMyUyMTFmMCUyMTJmMCUyMTNmMCUyMTNtMiUyMTFpMTAyNCUyMTJpNzY4JTIxNGYxMy4xJTIxM20zJTIxMW0yJTIxMXMweGQ0MjI5NzI3NmFjYzJkMyUyNTNBMHhlMmFlNmU3YTFiOTc2NTk2JTIxMnNPc29tJTI1MjBDb2ZmZWUlMjUyMEhvdXNlJTIxNWUwJTIxM20yJTIxMXNlcy00MTklMjEyc2FyJTIxNHYxNzA0Mzc3NDc3ODQyJTIxNW0yJTIxMXNlcy00MTklMjEyc2FyJTIyJTIwd2lkdGglM0QlMjI2MDAlMjIlMjBoZWlnaHQlM0QlMjI0NTAlMjIlMjBzdHlsZSUzRCUyMmJvcmRlciUzQTAlM0IlMjIlMjBhbGxvd2Z1bGxzY3JlZW4lM0QlMjIlMjIlMjBsb2FkaW5nJTNEJTIybGF6eSUyMiUyMHJlZmVycmVycG9saWN5JTNEJTIybm8tcmVmZXJyZXItd2hlbi1kb3duZ3JhZGUlMjIlM0UlM0MlMkZpZnJhbWUlM0U=[\/vc_raw_html][\/vc_column_inner][\/vc_row_inner][\/vc_column][\/vc_row][vc_row et_full_width=\u201dtrue\u201d et_row_padding=\u201dtrue\u201d et_column_align=\u201dalign-center\u201d equal_height=\u201dyes\u201d content_placement=\u201dmiddle\u201d css=\u201d.vc_custom_1689115138618{background-color: #6a86ca !important;}\u201d][vc_column][vc_row_inner et_max_width=\u201d\u201d et_column_align=\u201dalign-center\u201d et_row_padding=\u201dtrue\u201d equal_height=\u201dyes\u201d content_placement=\u201dmiddle\u201d css=\u201d.vc_custom_1689107521166{padding-top: 3% !important;padding-bottom: 2% !important;}\u201d][vc_column_inner width=\u201d1\/6\u2033][\/vc_column_inner][vc_column_inner width=\u201d2\/3\u2033][vc_custom_heading text=\u201d<strong>Sirviendo caf\u00e9 de especialidad de primer nivel, una carta saludable y org\u00e1nica, fomentando la comunidad.<\/strong>\u201d font_container=\u201dtag:h3|font_size:20px|text_align:center|color:%23ffffff\u201d use_theme_fonts=\u201dyes\u201d][\/vc_column_inner][vc_column_inner width=\u201d1\/6\u2033][\/vc_column_inner][\/vc_row_inner][vc_row_inner et_column_align=\u201dalign-center\u201d et_row_padding=\u201dtrue\u201d equal_height=\u201dyes\u201d content_placement=\u201dmiddle\u201d][vc_column_inner]\t<div id=\"et-content-carousel-188\" class=\"row et-content-carousel slick mini-padding overflow-visible \" data-center=\"true\" data-columns=\"4\" data-autoplay=\"true\" data-fade=\"false\" data-autoplay-speed=\"2500\" data-pause=\"\" data-navigation=\"true\" data-pagination=\"true\" data-infinite=\"true\">\n\t\t[vc_single_image image=\u201d821\u2033 img_size=\u201dfull\u201d alignment=\u201dcenter\u201d][vc_single_image image=\u201d819\u2033 img_size=\u201dfull\u201d alignment=\u201dcenter\u201d][vc_single_image image=\u201d817\u2033 img_size=\u201dfull\u201d alignment=\u201dcenter\u201d][vc_single_image image=\u201d815\u2033 img_size=\u201dfull\u201d alignment=\u201dcenter\u201d][vc_single_image image=\u201d813\u2033 img_size=\u201dfull\u201d alignment=\u201dcenter\u201d][vc_single_image image=\u201d811\u2033 img_size=\u201dfull\u201d alignment=\u201dcenter\u201d]\t<\/div>\n\t\t\n\t[\/vc_column_inner][\/vc_row_inner][vc_row_inner et_max_width=\u201d\u201d et_column_align=\u201dalign-center\u201d et_row_padding=\u201dtrue\u201d equal_height=\u201dyes\u201d content_placement=\u201dmiddle\u201d css=\u201d.vc_custom_1689107521166{padding-top: 3% !important;padding-bottom: 2% !important;}\u201d][vc_column_inner width=\u201d1\/6\u2033][\/vc_column_inner][vc_column_inner width=\u201d2\/3\u2033][vc_column_text]\n<p style=\"text-align: center; color: #fff;\">Diferenciados por mobiliarios y distintos sistemas de aislaci\u00f3n ac\u00fastica y visual,<br \/>\nlos espacios del workspace se comportan de maneras diversas frente a las necesidades de cada espacio puntual.<br \/>\nContamos con cuatro modalidades de trabajo.<\/p>\n[\/vc_column_text][\/vc_column_inner][vc_column_inner width=\u201d1\/6\u2033][\/vc_column_inner][\/vc_row_inner][vc_row_inner css=\u201d.vc_custom_1689085099119{padding-bottom: 2% !important;}\u201d][vc_column_inner width=\u201d1\/4\u2033][\/vc_column_inner][vc_column_inner width=\u201d1\/4\u2033][vc_empty_space height=\u201d15px\u201d]\t\t<div id=\"et-button-6a05f286f3e2a\" class=\"et_btn_align_full \">\n\t\t\t<a href=\"https:\/\/instagram.com\/osom.house\" class=\" et_btn button et_btn_sm outlined color-custom   \" target=\"_blank\" role=\"button\" title=\"follow us on instagram\" ><span>siguenos en instagram<\/span><\/a>\n\t\t<\/div>\n\t\t\n\t[vc_empty_space height=\u201d5px\u201d][\/vc_column_inner][vc_column_inner width=\u201d1\/4\u2033][vc_empty_space height=\u201d15px\u201d]\t\t<div id=\"et-button-6a05f286f3e77\" class=\"et_btn_align_center \">\n\t\t\t<a href=\"https:\/\/drive.google.com\/file\/d\/1YuHYYUnpCYtagfXxgvQqZTcmPZthe4Sv\/view?usp=sharing\" class=\" et_btn button et_btn_sm outlined color-light   \" target=\"_blank\" role=\"button\" title=\"Download Osom Coffee House Worskpace Brochure\" ><span>descarga nuestro brochure<\/span><\/a>\n\t\t<\/div>\n\t\t\n\t[vc_empty_space height=\u201d5px\u201d][\/vc_column_inner][vc_column_inner width=\u201d1\/4\u2033][\/vc_column_inner][\/vc_row_inner][\/vc_column][\/vc_row][vc_row et_full_width=\u201dtrue\u201d et_row_padding=\u201dtrue\u201d et_column_align=\u201dalign-center\u201d equal_height=\u201dyes\u201d content_placement=\u201dmiddle\u201d][vc_column][vc_row_inner et_column_align=\u201dalign-center\u201d et_row_padding=\u201dtrue\u201d equal_height=\u201dyes\u201d content_placement=\u201dmiddle\u201d css=\u201d.vc_custom_1689125971950{padding-top: 3% !important;}\u201d][vc_column_inner width=\u201d1\/3\u2033][vc_custom_heading text=\u201dfind more<br \/>\nosom stores\u201d font_container=\u201dtag:h2|text_align:left|color:%23000000\u2033 use_theme_fonts=\u201dyes\u201d el_class=\u201dtitulos\u201d css=\u201d.vc_custom_1704375414206{padding-left: 2% !important;}\u201d][\/vc_column_inner][vc_column_inner width=\u201d1\/3\u2033][vc_single_image image=\u201d220\u2033 img_size=\u201dfull\u201d alignment=\u201dcenter\u201d onclick=\u201dcustom_link\u201d link=\u201d\/atelier\/\u201d][vc_column_text el_class=\u201dhome-description\u201d css=\u201d.vc_custom_1704375426657{padding-right: 2% !important;}\u201d]\n<p style=\"text-align: right; color: #000;\"><span style=\"font-size: 22px;\"><strong>coffee cantine<\/strong><\/span><br \/>\nC. de Moratin 38, Madrid.<br \/>\n\u2013<br \/>\nabierto todos los d\u00edas:<br \/>\n8:00 a 20:00 hs<\/p>\n<p style=\"text-align: right;\"><a href=\"https:\/\/maps.app.goo.gl\/aMz7nVrhpnfejvmZ7\" target=\"_blank\" rel=\"noopener\">encu\u00e9ntranos<\/a><\/p>\n[\/vc_column_text][\/vc_column_inner][vc_column_inner width=\u201d1\/3\u2033][vc_single_image image=\u201d219\u2033 img_size=\u201dfull\u201d alignment=\u201dcenter\u201d onclick=\u201dcustom_link\u201d link=\u201d\/cantine\/\u201d][vc_column_text el_class=\u201dhome-description\u201d css=\u201d.vc_custom_1704375433288{padding-right: 2% !important;}\u201d]\n<p style=\"text-align: right; color: #000;\"><span style=\"font-size: 22px;\"><strong>coffee atelier<\/strong><\/span><br \/>\nC. Santa Teresa 2, Madrid.<br \/>\n\u2013<br \/>\nabierto todos los d\u00edas:<br \/>\n8:00 a 20:00 hs<\/p>\n<p style=\"text-align: right;\"><a href=\"https:\/\/maps.app.goo.gl\/xc2UChpyEPLWrpk27\" target=\"_blank\" rel=\"noopener\">encu\u00e9ntranos<\/a><\/p>\n[\/vc_column_text][\/vc_column_inner][\/vc_row_inner][\/vc_column][\/vc_row][vc_row][vc_column][vc_column_text]\n[\/vc_column_text][\/vc_column][\/vc_row]\n<\/section>","protected":false},"excerpt":{"rendered":"<p>[vc_row et_full_width=\u201dtrue\u201d et_row_padding=\u201dtrue\u201d et_column_align=\u201dalign-center\u201d equal_height=\u201dyes\u201d content_placement=\u201dmiddle\u201d css=\u201d.vc_custom_1701692705607{margin-top: -45px !important;background-color: #6480c7 !important;}\u201d][vc_column][vc_row_inner et_column_align=\u201dalign-center\u201d equal_height=\u201dyes\u201d content_placement=\u201dmiddle\u201d css=\u201d.vc_custom_1704375398654{padding-top: 4% !important;padding-bottom: 2% !important;}\u201d][vc_column_inner width=\u201d1\/3\u2033][vc_custom_heading text=\u201dworkspace\u201d font_container=\u201dtag:h2|text_align:left|color:%23ffffff\u201d use_theme_fonts=\u201dyes\u201d][\/vc_column_inner][vc_column_inner width=\u201d2\/3\u2033][vc_column_text el_class=\u201dlight-txt\u201d]Nuestra misi\u00f3n es ser un espacio colaborativo que fomente la creatividad y la innovaci\u00f3n, en un ambiente inclusivo que permita la conexi\u00f3n y la colaboraci\u00f3n entre&hellip;<\/p>\n","protected":false},"author":1,"featured_media":571,"parent":0,"menu_order":0,"comment_status":"closed","ping_status":"closed","template":"","meta":{"footnotes":""},"class_list":["post-1040","page","type-page","status-publish","has-post-thumbnail","hentry"],"_links":{"self":[{"href":"https:\/\/somososom.com\/es\/wp-json\/wp\/v2\/pages\/1040","targetHints":{"allow":["GET"]}}],"collection":[{"href":"https:\/\/somososom.com\/es\/wp-json\/wp\/v2\/pages"}],"about":[{"href":"https:\/\/somososom.com\/es\/wp-json\/wp\/v2\/types\/page"}],"author":[{"embeddable":true,"href":"https:\/\/somososom.com\/es\/wp-json\/wp\/v2\/users\/1"}],"replies":[{"embeddable":true,"href":"https:\/\/somososom.com\/es\/wp-json\/wp\/v2\/comments?post=1040"}],"version-history":[{"count":2,"href":"https:\/\/somososom.com\/es\/wp-json\/wp\/v2\/pages\/1040\/revisions"}],"predecessor-version":[{"id":1129,"href":"https:\/\/somososom.com\/es\/wp-json\/wp\/v2\/pages\/1040\/revisions\/1129"}],"wp:featuredmedia":[{"embeddable":true,"href":"https:\/\/somososom.com\/es\/wp-json\/wp\/v2\/media\/571"}],"wp:attachment":[{"href":"https:\/\/somososom.com\/es\/wp-json\/wp\/v2\/media?parent=1040"}],"curies":[{"name":"wp","href":"https:\/\/api.w.org\/{rel}","templated":true}]}}