{"id":1037,"date":"2023-07-19T11:58:00","date_gmt":"2023-07-19T11:58:00","guid":{"rendered":"https:\/\/somososom.com\/encontranos\/"},"modified":"2024-01-23T17:57:06","modified_gmt":"2024-01-23T17:57:06","slug":"encuentranos","status":"publish","type":"page","link":"https:\/\/somososom.com\/es\/encuentranos\/","title":{"rendered":"Encuentranos!"},"content":{"rendered":"<section class=\"wpb-content-wrapper\">[vc_row et_full_width=&#8221;true&#8221; et_row_padding=&#8221;true&#8221; et_column_align=&#8221;align-center&#8221; equal_height=&#8221;yes&#8221; content_placement=&#8221;middle&#8221; css=&#8221;.vc_custom_1689768273274{background-color: #000000 !important;}&#8221;][vc_column offset=&#8221;vc_hidden-sm vc_hidden-xs&#8221;][vc_single_image image=&#8221;250&#8243; img_size=&#8221;full&#8221;][vc_row_inner css=&#8221;.vc_custom_1689019908414{padding-top: 2% !important;padding-bottom: 2% !important;}&#8221;][vc_column_inner width=&#8221;1\/6&#8243;][\/vc_column_inner][vc_column_inner width=&#8221;2\/3&#8243;][vc_custom_heading text=&#8221;m\u00e1s que una cafeter\u00eda; somos una comunidad&#8221; font_container=&#8221;tag:h2|text_align:center|color:%23ffffff&#8221; use_theme_fonts=&#8221;yes&#8221;][vc_column_text el_class=&#8221;home-description&#8221;]\n<p style=\"text-align: center; color: #fff !important;\">Aseguramos que todos los productos que ofrecemos ser\u00e1n siempre de temporada, frescos, no procesados y sin aditivos, conservantes o az\u00facares a\u00f1adidos. Respetamos dietas variadas y ofrecemos opciones sin gluten, vegetarianas, veganas, keto y paleo. Nos comprometemos a ofrecer la posibilidad de sentirse bien comiendo de todo, respetando procesos sostenibles.<\/p>\n[\/vc_column_text][\/vc_column_inner][vc_column_inner width=&#8221;1\/6&#8243;][\/vc_column_inner][\/vc_row_inner][\/vc_column][\/vc_row][vc_row et_full_width=&#8221;true&#8221; et_row_padding=&#8221;true&#8221; et_column_align=&#8221;align-center&#8221; equal_height=&#8221;yes&#8221; content_placement=&#8221;middle&#8221; disable_element=&#8221;yes&#8221; css=&#8221;.vc_custom_1689767826748{background-color: #000000 !important;}&#8221;][vc_column offset=&#8221;vc_hidden-lg vc_hidden-md&#8221;][vc_single_image image=&#8221;39&#8243; img_size=&#8221;full&#8221;][\/vc_column][\/vc_row][vc_row et_full_width=&#8221;true&#8221; et_row_padding=&#8221;true&#8221; et_column_align=&#8221;align-center&#8221; equal_height=&#8221;yes&#8221; content_placement=&#8221;middle&#8221;][vc_column][vc_row_inner et_max_width=&#8221;&#8221; et_column_align=&#8221;align-center&#8221; equal_height=&#8221;yes&#8221; content_placement=&#8221;middle&#8221;][vc_column_inner]\n\t<div class=\"et_map_group row max_width flex-row-reverse\">\n\n\t\t<div class=\"et_map_parent col-md-7 col-lg-8\"\n\t\t\tstyle=\"height:70vh\" \n\t\t\tdata-map-style=\"light\" \n\t\t\tdata-custom-map-style=\"\" \n\t\t\tdata-map-zoom=\"0\" \n\t\t\tdata-map-type=\"roadmap\" \n\t\t\tdata-pan-control=\"1\" \n\t\t\tdata-zoom-control=\"1\" \n\t\t\tdata-maptype-control=\"\" \n\t\t\tdata-scale-control=\"1\" \n\t\t\tdata-streetview-control=\"\">\n\t\t\t\t\t\t\t\t\n\t<input class=\"et-location-data\" type=\"hidden\" data-option=\"{&quot;marker_image&quot;:&quot;https:\\\/\\\/somososom.com\\\/wp-content\\\/uploads\\\/2023\\\/07\\\/map-marker.png&quot;,&quot;marker_title&quot;:&quot;Coffee Atelier&quot;,&quot;marker_description&quot;:&quot;calle santa teresa 2,&lt;br \\\/&gt;\\nmadrid. espa\\u00f1a.&lt;br \\\/&gt;\\nabierto todos los d\\u00edas de 8:00 a 20:00 hs.&quot;,&quot;marker_size&quot;:[59,59],&quot;retina_marker&quot;:&quot;yes&quot;,&quot;latitude&quot;:&quot;40.4262329&quot;,&quot;longitude&quot;:&quot;-3.6990932&quot;}\" \/>\n\t\n\t\t\n\t<input class=\"et-location-data\" type=\"hidden\" data-option=\"{&quot;marker_image&quot;:&quot;https:\\\/\\\/somososom.com\\\/wp-content\\\/uploads\\\/2023\\\/07\\\/map-marker.png&quot;,&quot;marker_title&quot;:&quot;Coffee Cantine&quot;,&quot;marker_description&quot;:&quot;calle morat\\u00edn 38,&lt;br \\\/&gt;\\nmadrid. espa\\u00f1a.&lt;br \\\/&gt;\\nabierto todos los d\\u00edas de 8:00 a 20:00 hs&quot;,&quot;marker_size&quot;:[59,59],&quot;retina_marker&quot;:&quot;yes&quot;,&quot;latitude&quot;:&quot;40.4123818&quot;,&quot;longitude&quot;:&quot;-3.6978748&quot;}\" \/>\n\t\n\t\t\n\t<input class=\"et-location-data\" type=\"hidden\" data-option=\"{&quot;marker_image&quot;:&quot;https:\\\/\\\/somososom.com\\\/wp-content\\\/uploads\\\/2023\\\/07\\\/map-marker.png&quot;,&quot;marker_title&quot;:&quot;Coffee House&quot;,&quot;marker_description&quot;:&quot;calle del castillo 22,&lt;br \\\/&gt;\\nmadrid. espa\\u00f1a.&lt;br \\\/&gt;\\nabierto todos los d\\u00edas de 8:00 a 20:00 hs&quot;,&quot;marker_size&quot;:[59,59],&quot;retina_marker&quot;:&quot;yes&quot;,&quot;latitude&quot;:&quot;40.434215&quot;,&quot;longitude&quot;:&quot;-3.7017291&quot;}\" \/>\n\t\n\t\t\t\t\t\t<\/div>\n\n\t\t\t\t\t<div id=\"et-map-parent-340\" class=\"et_location_list vertical col-md-5 col-lg-4 slick slick-slider  autoselect_first\" data-columns=\"3\" data-autoplay=\"false\" data-vertical=\"true\" data-adaptive-height=\"false\" data-pagination=\"true\" data-navigation=\"true\" data-infinite=\"false\">\n\t\t\t\t\t\t\t\t\t<div class=\"et_location_outer\">\n\t\t\t\t\t\t<div class=\"et_location\">\n\t\t\t\t\t\t\t<h5>1. Coffee Atelier<\/h5>\n\t\t\t\t\t\t\tcalle santa teresa 2,<br \/>\nmadrid. espa\u00f1a.<br \/>\nabierto todos los d\u00edas de 8:00 a 20:00 hs.\t\t\t\t\t\t<\/div>\n\t\t\t\t\t<\/div>\n\t\t\t\t\t\t\t\t\t<div class=\"et_location_outer\">\n\t\t\t\t\t\t<div class=\"et_location\">\n\t\t\t\t\t\t\t<h5>2. Coffee Cantine<\/h5>\n\t\t\t\t\t\t\tcalle morat\u00edn 38,<br \/>\nmadrid. espa\u00f1a.<br \/>\nabierto todos los d\u00edas de 8:00 a 20:00 hs\t\t\t\t\t\t<\/div>\n\t\t\t\t\t<\/div>\n\t\t\t\t\t\t\t\t\t<div class=\"et_location_outer\">\n\t\t\t\t\t\t<div class=\"et_location\">\n\t\t\t\t\t\t\t<h5>3. Coffee House<\/h5>\n\t\t\t\t\t\t\tcalle del castillo 22,<br \/>\nmadrid. espa\u00f1a.<br \/>\nabierto todos los d\u00edas de 8:00 a 20:00 hs\t\t\t\t\t\t<\/div>\n\t\t\t\t\t<\/div>\n\t\t\t\t\t\t\t<\/div>\n\t\t\t\n\t<\/div>\n\n\t[\/vc_column_inner][\/vc_row_inner][\/vc_column][\/vc_row][vc_row et_full_width=&#8221;true&#8221; et_row_padding=&#8221;true&#8221; et_column_align=&#8221;align-center&#8221; equal_height=&#8221;yes&#8221; content_placement=&#8221;middle&#8221; css=&#8221;.vc_custom_1689767877776{padding-top: 2% !important;}&#8221;][vc_column][vc_row_inner et_column_align=&#8221;align-center&#8221; et_row_padding=&#8221;true&#8221; equal_height=&#8221;yes&#8221; content_placement=&#8221;middle&#8221;][vc_column_inner width=&#8221;1\/4&#8243;][vc_custom_heading text=&#8221;<strong>conoce nuestras cafeter\u00edas desde adentro<\/strong>&#8221; font_container=&#8221;tag:h2|text_align:left|color:%23000000&#8243; use_theme_fonts=&#8221;yes&#8221;][\/vc_column_inner][vc_column_inner width=&#8221;1\/4&#8243;][\/vc_column_inner][vc_column_inner width=&#8221;1\/4&#8243;][\/vc_column_inner][vc_column_inner width=&#8221;1\/4&#8243;][vc_single_image image=&#8221;48&#8243; img_size=&#8221;full&#8221; alignment=&#8221;center&#8221;][\/vc_column_inner][\/vc_row_inner][\/vc_column][\/vc_row][vc_row et_full_width=&#8221;true&#8221; et_row_padding=&#8221;true&#8221; et_column_align=&#8221;align-center&#8221; equal_height=&#8221;yes&#8221; content_placement=&#8221;middle&#8221; css=&#8221;.vc_custom_1689769415198{padding-top: 2% !important;padding-bottom: 2% !important;}&#8221;][vc_column][vc_row_inner et_column_align=&#8221;align-center&#8221; et_row_padding=&#8221;true&#8221; equal_height=&#8221;yes&#8221; content_placement=&#8221;middle&#8221;][vc_column_inner width=&#8221;1\/3&#8243;]\r\n\t\t<div class=\"et-banner-69ea5e234267b et-banner content-full  image-type-fluid text-color-dark hover-effect  \"><img loading=\"lazy\" decoding=\"async\" width=\"1080\" height=\"1350\" src=\"https:\/\/somososom.com\/wp-content\/uploads\/2023\/11\/house.jpg\" class=\"et-banner-main-image\" alt=\"\" sizes=\"auto, (max-width: 1080px) 100vw, 1080px\" srcset=\"https:\/\/somososom.com\/wp-content\/uploads\/2023\/11\/house.jpg 1080w, https:\/\/somososom.com\/wp-content\/uploads\/2023\/11\/house-900x1125.jpg 900w, https:\/\/somososom.com\/wp-content\/uploads\/2023\/11\/house-240x300.jpg 240w, https:\/\/somososom.com\/wp-content\/uploads\/2023\/11\/house-819x1024.jpg 819w, https:\/\/somososom.com\/wp-content\/uploads\/2023\/11\/house-768x960.jpg 768w, https:\/\/somososom.com\/wp-content\/uploads\/2023\/11\/house-120x150.jpg 120w, https:\/\/somososom.com\/wp-content\/uploads\/2023\/11\/house-100x125.jpg 100w\" \/>\r\n\t\t\t<div class=\"et-banner-content\">\r\n\t\t\t\t<div class=\"et-banner-content-inner container\">\r\n\t\t\t\t\t<div class=\"et-banner-text h_center v_center align_center\">\r\n\t\t\t\t\t\t<div class=\"et-banner-text-inner animated\" data-animate=\"fadeIn\"><h2 class=\"et-banner-title color-light medium\">house<\/h2><div class=\"et-banner-paragraph\"><p style=\"text-align: center; color: #fff !important;\">caf\u00e9 de especialidad, comida real, espacio de trabajo, pop-ups y m\u00e1s.<\/p>\n<\/div><a href=\"https:\/\/f7u.ba6.myftpupload.com\/osom-house\/\" class=\"et-banner-link button et_btn outlined color-light \">ver por dentro<\/a><\/div>\r\n\t\t\t\t\t<\/div>\r\n\t\t\t\t<\/div>\r\n\t\t\t<\/div>\r\n\t\t<\/div>[\/vc_column_inner][vc_column_inner width=&#8221;1\/3&#8243;]\r\n\t\t<div class=\"et-banner-69ea5e2342b09 et-banner content-full  image-type-fluid text-color-dark hover-effect  \"><img loading=\"lazy\" decoding=\"async\" width=\"1080\" height=\"1350\" src=\"https:\/\/somososom.com\/wp-content\/uploads\/2023\/11\/cantine.jpg\" class=\"et-banner-main-image\" alt=\"Osom Cantine\" sizes=\"auto, (max-width: 1080px) 100vw, 1080px\" srcset=\"https:\/\/somososom.com\/wp-content\/uploads\/2023\/11\/cantine.jpg 1080w, https:\/\/somososom.com\/wp-content\/uploads\/2023\/11\/cantine-900x1125.jpg 900w, https:\/\/somososom.com\/wp-content\/uploads\/2023\/11\/cantine-240x300.jpg 240w, https:\/\/somososom.com\/wp-content\/uploads\/2023\/11\/cantine-819x1024.jpg 819w, https:\/\/somososom.com\/wp-content\/uploads\/2023\/11\/cantine-768x960.jpg 768w, https:\/\/somososom.com\/wp-content\/uploads\/2023\/11\/cantine-120x150.jpg 120w, https:\/\/somososom.com\/wp-content\/uploads\/2023\/11\/cantine-100x125.jpg 100w\" \/>\r\n\t\t\t<div class=\"et-banner-content\">\r\n\t\t\t\t<div class=\"et-banner-content-inner container\">\r\n\t\t\t\t\t<div class=\"et-banner-text h_center v_center align_center\">\r\n\t\t\t\t\t\t<div class=\"et-banner-text-inner animated\" data-animate=\"fadeIn\"><h2 class=\"et-banner-title color-light medium\">cantine<\/h2><div class=\"et-banner-paragraph\"><p style=\"text-align: center; color: #fff !important;\">caf\u00e9 de especialidad, comida real y brunch<\/p>\n<\/div><a href=\"https:\/\/f7u.ba6.myftpupload.com\/cantine\/\" class=\"et-banner-link button et_btn outlined color-light \">ver por dentro<\/a><\/div>\r\n\t\t\t\t\t<\/div>\r\n\t\t\t\t<\/div>\r\n\t\t\t<\/div>\r\n\t\t<\/div>[\/vc_column_inner][vc_column_inner width=&#8221;1\/3&#8243;]\r\n\t\t<div class=\"et-banner-69ea5e2342de0 et-banner content-full  image-type-fluid text-color-dark hover-effect  \"><img loading=\"lazy\" decoding=\"async\" width=\"1080\" height=\"1350\" src=\"https:\/\/somososom.com\/wp-content\/uploads\/2023\/11\/atelier.jpg\" class=\"et-banner-main-image\" alt=\"\" sizes=\"auto, (max-width: 1080px) 100vw, 1080px\" srcset=\"https:\/\/somososom.com\/wp-content\/uploads\/2023\/11\/atelier.jpg 1080w, https:\/\/somososom.com\/wp-content\/uploads\/2023\/11\/atelier-900x1125.jpg 900w, https:\/\/somososom.com\/wp-content\/uploads\/2023\/11\/atelier-240x300.jpg 240w, https:\/\/somososom.com\/wp-content\/uploads\/2023\/11\/atelier-819x1024.jpg 819w, https:\/\/somososom.com\/wp-content\/uploads\/2023\/11\/atelier-768x960.jpg 768w, https:\/\/somososom.com\/wp-content\/uploads\/2023\/11\/atelier-120x150.jpg 120w, https:\/\/somososom.com\/wp-content\/uploads\/2023\/11\/atelier-100x125.jpg 100w\" \/>\r\n\t\t\t<div class=\"et-banner-content\">\r\n\t\t\t\t<div class=\"et-banner-content-inner container\">\r\n\t\t\t\t\t<div class=\"et-banner-text h_center v_center align_center\">\r\n\t\t\t\t\t\t<div class=\"et-banner-text-inner animated\" data-animate=\"fadeIn\"><h2 class=\"et-banner-title color-light medium\">atelier<\/h2><div class=\"et-banner-paragraph\"><p style=\"text-align: center; color: #fff !important;\">caf\u00e9 de especialidad, comida real y brunch<\/p>\n<\/div><a href=\"https:\/\/f7u.ba6.myftpupload.com\/atelier\/\" class=\"et-banner-link button et_btn outlined color-light \">ver por dentro<\/a><\/div>\r\n\t\t\t\t\t<\/div>\r\n\t\t\t\t<\/div>\r\n\t\t\t<\/div>\r\n\t\t<\/div>[\/vc_column_inner][\/vc_row_inner][\/vc_column][\/vc_row][vc_row et_full_width=&#8221;true&#8221; et_row_padding=&#8221;true&#8221; et_column_align=&#8221;align-center&#8221; equal_height=&#8221;yes&#8221; content_placement=&#8221;middle&#8221;][vc_column offset=&#8221;vc_hidden-lg vc_hidden-md&#8221;][vc_single_image image=&#8221;39&#8243; img_size=&#8221;full&#8221;][\/vc_column][\/vc_row][vc_section full_width=&#8221;stretch_row_content&#8221; content_placement=&#8221;middle&#8221; css=&#8221;.vc_custom_1689129603431{background: #000000 url(https:\/\/somososom.com\/wp-content\/uploads\/2023\/07\/suscribe-2.jpg?id=130) !important;background-position: center !important;background-repeat: no-repeat !important;background-size: cover !important;}&#8221;][vc_row et_column_align=&#8221;align-center&#8221; equal_height=&#8221;yes&#8221; css=&#8221;.vc_custom_1689129621139{padding-top: 6% !important;padding-bottom: 6% !important;}&#8221;][vc_column width=&#8221;1\/2&#8243;][vc_custom_heading text=&#8221;<strong>join our community! for the doers, the dreamers and the inbetween.<\/strong>&#8221; font_container=&#8221;tag:h2|text_align:left|color:%23ffffff&#8221; use_theme_fonts=&#8221;yes&#8221;][\/vc_column][vc_column width=&#8221;1\/2&#8243;][vc_raw_html]JTVCbWM0d3BfZm9ybSUyMGlkJTNENjMlNUQ=[\/vc_raw_html][\/vc_column][\/vc_row][\/vc_section]\n<\/section>","protected":false},"excerpt":{"rendered":"<p>[vc_row et_full_width=&#8221;true&#8221; et_row_padding=&#8221;true&#8221; et_column_align=&#8221;align-center&#8221; equal_height=&#8221;yes&#8221; content_placement=&#8221;middle&#8221; css=&#8221;.vc_custom_1689768273274{background-color: #000000 !important;}&#8221;][vc_column offset=&#8221;vc_hidden-sm vc_hidden-xs&#8221;][vc_single_image image=&#8221;250&#8243; img_size=&#8221;full&#8221;][vc_row_inner css=&#8221;.vc_custom_1689019908414{padding-top: 2% !important;padding-bottom: 2% !important;}&#8221;][vc_column_inner width=&#8221;1\/6&#8243;][\/vc_column_inner][vc_column_inner width=&#8221;2\/3&#8243;][vc_custom_heading text=&#8221;m\u00e1s que una cafeter\u00eda; somos una comunidad&#8221; font_container=&#8221;tag:h2|text_align:center|color:%23ffffff&#8221; use_theme_fonts=&#8221;yes&#8221;][vc_column_text el_class=&#8221;home-description&#8221;] Aseguramos que todos los productos que ofrecemos ser\u00e1n siempre de temporada, frescos, no procesados y sin aditivos, conservantes o az\u00facares&hellip;<\/p>\n","protected":false},"author":1,"featured_media":0,"parent":0,"menu_order":0,"comment_status":"closed","ping_status":"closed","template":"","meta":{"footnotes":""},"class_list":["post-1037","page","type-page","status-publish","hentry"],"_links":{"self":[{"href":"https:\/\/somososom.com\/es\/wp-json\/wp\/v2\/pages\/1037","targetHints":{"allow":["GET"]}}],"collection":[{"href":"https:\/\/somososom.com\/es\/wp-json\/wp\/v2\/pages"}],"about":[{"href":"https:\/\/somososom.com\/es\/wp-json\/wp\/v2\/types\/page"}],"author":[{"embeddable":true,"href":"https:\/\/somososom.com\/es\/wp-json\/wp\/v2\/users\/1"}],"replies":[{"embeddable":true,"href":"https:\/\/somososom.com\/es\/wp-json\/wp\/v2\/comments?post=1037"}],"version-history":[{"count":4,"href":"https:\/\/somososom.com\/es\/wp-json\/wp\/v2\/pages\/1037\/revisions"}],"predecessor-version":[{"id":1156,"href":"https:\/\/somososom.com\/es\/wp-json\/wp\/v2\/pages\/1037\/revisions\/1156"}],"wp:attachment":[{"href":"https:\/\/somososom.com\/es\/wp-json\/wp\/v2\/media?parent=1037"}],"curies":[{"name":"wp","href":"https:\/\/api.w.org\/{rel}","templated":true}]}}