{"id":1036,"date":"2023-07-11T12:55:34","date_gmt":"2023-07-11T12:55:34","guid":{"rendered":"https:\/\/somososom.com\/nosotros\/"},"modified":"2024-01-20T13:11:54","modified_gmt":"2024-01-20T13:11:54","slug":"nosotros","status":"publish","type":"page","link":"https:\/\/somososom.com\/es\/nosotros\/","title":{"rendered":"Nosotros"},"content":{"rendered":"<section class=\"wpb-content-wrapper\">[vc_row et_full_width=\u201dtrue\u201d et_row_padding=\u201dtrue\u201d et_column_align=\u201dalign-center\u201d content_placement=\u201dmiddle\u201d css=\u201d.vc_custom_1705520954644{background-color: #000000 !important;}\u201d][vc_column][vc_single_image image=\u201d229\u2033 img_size=\u201dfull\u201d alignment=\u201dcenter\u201d][\/vc_column][\/vc_row][vc_row et_full_width=\u201dtrue\u201d et_row_padding=\u201dtrue\u201d et_column_align=\u201dalign-center\u201d equal_height=\u201dyes\u201d content_placement=\u201dmiddle\u201d css=\u201d.vc_custom_1705521013101{margin-top: -45px !important;background-color: #000000 !important;}\u201d][vc_column][vc_empty_space height=\u201d15px\u201d][vc_row_inner et_column_align=\u201dalign-center\u201d equal_height=\u201dyes\u201d content_placement=\u201dmiddle\u201d css=\u201d.vc_custom_1693648377155{padding-top: 2% !important;padding-bottom: 2% !important;}\u201d][vc_column_inner width=\u201d1\/3\u2033][vc_custom_heading text=\u201d<strong>mas que minimalismo, somos transparencia<\/strong>\u201d font_container=\u201dtag:h2|text_align:left|color:%23ffffff\u201d use_theme_fonts=\u201dyes\u201d][\/vc_column_inner][vc_column_inner width=\u201d2\/3\u2033][vc_column_text]\n<p style=\"text-align: left;\">Nuestra misi\u00f3n es ofrecer el mejor caf\u00e9 de especialidad, explorando sus sabores \u00fanicos y complementando con una carta saludable y bio, en un ambiente de dise\u00f1o, ecl\u00e9ctico y sostenible. Construir una comunidad donde aprendemos, cambiamos, evolucionamos y vivimos libres de etiquetas.<\/p>\n[\/vc_column_text][\/vc_column_inner][\/vc_row_inner][\/vc_column][\/vc_row][vc_row et_full_width=\u201dtrue\u201d et_row_padding=\u201dtrue\u201d et_column_align=\u201dalign-center\u201d equal_height=\u201dyes\u201d content_placement=\u201dmiddle\u201d][vc_column][vc_row_inner et_column_align=\u201dalign-center\u201d equal_height=\u201dyes\u201d content_placement=\u201dmiddle\u201d css=\u201d.vc_custom_1704374804181{padding-top: 4% !important;padding-bottom: 2% !important;}\u201d][vc_column_inner width=\u201d1\/3\u2033][vc_custom_heading text=\u201dmanifiesto\u201d font_container=\u201dtag:h2|text_align:left|color:%23000000\u2033 use_theme_fonts=\u201dyes\u201d el_class=\u201dtitle-sections-dark\u201d][\/vc_column_inner][vc_column_inner width=\u201d2\/3\u2033][vc_column_text]\n<p style=\"text-align: left;\">Creemos en el poder de la comunidad: de unirnos y apoyarnos unos a otros. Creemos en la inclusi\u00f3n y que la diversidad es lo que nos hace m\u00e1s fuertes. Creemos en la creatividad y en que las ideas m\u00e1s innovadoras provienen de los lugares m\u00e1s inesperados. Creemos en la sostenibilidad y que es nuestra responsabilidad dejar el planeta mejor de lo que lo cuidamos. Creemos en el poder del caf\u00e9 de especialidad y la comida real para alimentar nuestro cuerpo, mentes y pasiones. Sobre todo, creemos que todos tienen una perspectiva y una historia \u00fanicas para compartir y estamos comprometidos a crear un espacio que sea acogedor para todos.<\/p>\n[\/vc_column_text][\/vc_column_inner][\/vc_row_inner][\/vc_column][\/vc_row][vc_row et_full_width=\u201dtrue\u201d et_row_padding=\u201dtrue\u201d et_column_align=\u201dalign-center\u201d equal_height=\u201dyes\u201d content_placement=\u201dmiddle\u201d css=\u201d.vc_custom_1690220954269{background-color: #000000 !important;}\u201d el_class=\u201dlight-txt\u201d][vc_column][vc_empty_space height=\u201d30px\u201d][vc_row_inner et_column_align=\u201dalign-center\u201d et_row_padding=\u201dtrue\u201d equal_height=\u201dyes\u201d content_placement=\u201dmiddle\u201d][vc_column_inner width=\u201d1\/4\u2033][vc_custom_heading text=\u201d<strong>visit us and show us some love : )<\/strong>\u201d font_container=\u201dtag:h2|text_align:left|color:%23ffffff\u201d use_theme_fonts=\u201dyes\u201d][vc_column_text]\n<p style=\"text-align: left;\">encuentra el osom mas cercano!<\/p>\n[\/vc_column_text][\/vc_column_inner][vc_column_inner width=\u201d1\/4\u2033][\/vc_column_inner][vc_column_inner width=\u201d1\/4\u2033][\/vc_column_inner][vc_column_inner width=\u201d1\/4\u2033][\/vc_column_inner][\/vc_row_inner][vc_row_inner et_column_align=\u201dalign-center\u201d et_row_padding=\u201dtrue\u201d equal_height=\u201dyes\u201d content_placement=\u201dmiddle\u201d][vc_column_inner width=\u201d1\/3\u2033][vc_single_image image=\u201d219\u2033 img_size=\u201dfull\u201d alignment=\u201dcenter\u201d][vc_column_text el_class=\u201dstores-links-white\u201d css=\u201d.vc_custom_1704374316635{padding-right: 2% !important;}\u201d]\n<p style=\"text-align: right;\"><span style=\"font-size: 22px;\"><strong>coffee atelier<\/strong><\/span><br \/>\nC. de Santa Teresa 2, Madrid.<br \/>\n\u2013<br \/>\nabierto todos los d\u00edas:<br \/>\n8:00 a 20:00 hs<\/p>\n<p style=\"text-align: right;\"><a href=\"https:\/\/maps.app.goo.gl\/xc2UChpyEPLWrpk27\" target=\"_blank\" rel=\"noopener\">encu\u00e9ntranos<\/a><\/p>\n[\/vc_column_text][\/vc_column_inner][vc_column_inner width=\u201d1\/3\u2033][vc_single_image image=\u201d220\u2033 img_size=\u201dfull\u201d alignment=\u201dcenter\u201d][vc_column_text el_class=\u201dstores-links-white\u201d css=\u201d.vc_custom_1704374323692{padding-right: 2% !important;}\u201d]\n<p style=\"text-align: right;\"><span style=\"font-size: 22px;\"><strong>coffee cantine<\/strong><\/span><br \/>\nC. de Morat\u00edn 38, Madrid.<br \/>\n\u2013<br \/>\nabierto todos los d\u00edas:<br \/>\n8:00 a 20:00 hs<\/p>\n<p style=\"text-align: right;\"><a href=\"https:\/\/maps.app.goo.gl\/aMz7nVrhpnfejvmZ7\" target=\"_blank\" rel=\"noopener\">encu\u00e9ntranos<\/a><\/p>\n[\/vc_column_text][\/vc_column_inner][vc_column_inner width=\u201d1\/3\u2033][vc_single_image image=\u201d218\u2033 img_size=\u201dfull\u201d alignment=\u201dcenter\u201d][vc_column_text el_class=\u201dstores-links-white\u201d css=\u201d.vc_custom_1704374331809{padding-right: 2% !important;}\u201d]\n<p style=\"text-align: right;\"><span style=\"font-size: 22px;\"><strong>coffee house<\/strong><\/span><br \/>\nC. del Castillo 22, Madrid.<br \/>\n\u2013<br \/>\nabierto todos los d\u00edas:<br \/>\n8:00 a 20:00 hs<\/p>\n<p style=\"text-align: right;\"><a href=\"https:\/\/maps.app.goo.gl\/q2bT2Q4WTiNzKEzB9\" target=\"_blank\" rel=\"noopener\">encu\u00e9ntranos<\/a><\/p>\n[\/vc_column_text][\/vc_column_inner][\/vc_row_inner][\/vc_column][\/vc_row][vc_row et_full_width=\u201dtrue\u201d et_row_padding=\u201dtrue\u201d et_column_align=\u201dalign-center\u201d equal_height=\u201dyes\u201d css=\u201d.vc_custom_1701740836509{background-color: #a799c8 !important;}\u201d][vc_column][vc_row_inner et_max_width=\u201d\u201d et_column_align=\u201dalign-center\u201d et_row_padding=\u201dtrue\u201d content_placement=\u201dmiddle\u201d css=\u201d.vc_custom_1704374756473{margin-top: 0px !important;margin-bottom: 0px !important;}\u201d][vc_column_inner width=\u201d1\/2\u2033 css=\u201d.vc_custom_1690204076148{background-color: #a799c8 !important;}\u201d][vc_single_image image=\u201d55\u2033 img_size=\u201d160\u00d7119\u2033 alignment=\u201dcenter\u201d][vc_column_text el_class=\u201dhome-description\u201d]\n<p style=\"color: #fff; text-align: center; font-weight: 700 !important;\"><span style=\"font-size: 22px;\">running, coffee and brunch.<br \/>\nall welcome<\/span><\/p>\n<p style=\"text-align: center; color: #fff;\"><a href=\"#\" target=\"_blank\" rel=\"noopener\">join us!<\/a><\/p>\n[\/vc_column_text][\/vc_column_inner][vc_column_inner width=\u201d1\/2\u2033][vc_single_image image=\u201d935\u2033 img_size=\u201dfull\u201d alignment=\u201dcenter\u201d][\/vc_column_inner][\/vc_row_inner][\/vc_column][\/vc_row][vc_section full_width=\u201dstretch_row_content\u201d content_placement=\u201dmiddle\u201d css=\u201d.vc_custom_1704374896304{margin-top: -35px !important;background-color: #233b35 !important;background-position: center !important;background-repeat: no-repeat !important;background-size: cover !important;}\u201d][vc_row et_column_align=\u201dalign-center\u201d equal_height=\u201dyes\u201d content_placement=\u201dtop\u201d css=\u201d.vc_custom_1693829367492{padding-top: 4% !important;padding-bottom: 4% !important;}\u201d][vc_column width=\u201d1\/2\u2033][vc_custom_heading text=\u201d<strong>join our community!<\/strong>for the doers, the dreamers and the inbetween. suscribe\u201d font_container=\u201dtag:h2|text_align:left|color:%23ffffff\u201d use_theme_fonts=\u201dyes\u201d][\/vc_column][vc_column width=\u201d1\/2\u2033][vc_raw_html]JTVCbWM0d3BfZm9ybSUyMGlkJTNENjMlNUQ=[\/vc_raw_html][\/vc_column][\/vc_row][\/vc_section]\n<\/section>","protected":false},"excerpt":{"rendered":"<p>[vc_row et_full_width=\u201dtrue\u201d et_row_padding=\u201dtrue\u201d et_column_align=\u201dalign-center\u201d content_placement=\u201dmiddle\u201d css=\u201d.vc_custom_1705520954644{background-color: #000000 !important;}\u201d][vc_column][vc_single_image image=\u201d229\u2033 img_size=\u201dfull\u201d alignment=\u201dcenter\u201d][\/vc_column][\/vc_row][vc_row et_full_width=\u201dtrue\u201d et_row_padding=\u201dtrue\u201d et_column_align=\u201dalign-center\u201d equal_height=\u201dyes\u201d content_placement=\u201dmiddle\u201d css=\u201d.vc_custom_1705521013101{margin-top: -45px !important;background-color: #000000 !important;}\u201d][vc_column][vc_empty_space height=\u201d15px\u201d][vc_row_inner et_column_align=\u201dalign-center\u201d equal_height=\u201dyes\u201d content_placement=\u201dmiddle\u201d css=\u201d.vc_custom_1693648377155{padding-top: 2% !important;padding-bottom: 2% !important;}\u201d][vc_column_inner width=\u201d1\/3\u2033][vc_custom_heading text=\u201dmas que minimalismo, somos transparencia\u201d font_container=\u201dtag:h2|text_align:left|color:%23ffffff\u201d use_theme_fonts=\u201dyes\u201d][\/vc_column_inner][vc_column_inner width=\u201d2\/3\u2033][vc_column_text] Nuestra misi\u00f3n es ofrecer el mejor caf\u00e9 de especialidad, explorando sus&hellip;<\/p>\n","protected":false},"author":1,"featured_media":0,"parent":0,"menu_order":0,"comment_status":"closed","ping_status":"closed","template":"","meta":{"footnotes":""},"class_list":["post-1036","page","type-page","status-publish","hentry"],"_links":{"self":[{"href":"https:\/\/somososom.com\/es\/wp-json\/wp\/v2\/pages\/1036","targetHints":{"allow":["GET"]}}],"collection":[{"href":"https:\/\/somososom.com\/es\/wp-json\/wp\/v2\/pages"}],"about":[{"href":"https:\/\/somososom.com\/es\/wp-json\/wp\/v2\/types\/page"}],"author":[{"embeddable":true,"href":"https:\/\/somososom.com\/es\/wp-json\/wp\/v2\/users\/1"}],"replies":[{"embeddable":true,"href":"https:\/\/somososom.com\/es\/wp-json\/wp\/v2\/comments?post=1036"}],"version-history":[{"count":2,"href":"https:\/\/somososom.com\/es\/wp-json\/wp\/v2\/pages\/1036\/revisions"}],"predecessor-version":[{"id":1113,"href":"https:\/\/somososom.com\/es\/wp-json\/wp\/v2\/pages\/1036\/revisions\/1113"}],"wp:attachment":[{"href":"https:\/\/somososom.com\/es\/wp-json\/wp\/v2\/media?parent=1036"}],"curies":[{"name":"wp","href":"https:\/\/api.w.org\/{rel}","templated":true}]}}